{"id":3659,"date":"2021-04-24T19:10:28","date_gmt":"2021-04-24T16:10:28","guid":{"rendered":"https:\/\/limu.ee\/broneerimine\/"},"modified":"2021-05-03T15:36:07","modified_gmt":"2021-05-03T12:36:07","slug":"varaus","status":"publish","type":"page","link":"https:\/\/limu.ee\/fi\/varaus\/","title":{"rendered":"Varaus"},"content":{"rendered":"<p>[vc_row][vc_column][vc_custom_heading text=&#8221;VARAA HALUAMASI AJONEUVO&#8221; use_theme_fonts=&#8221;yes&#8221;][vc_empty_space][vc_separator][\/vc_column][\/vc_row][vc_row][vc_column]<div role=\"form\" class=\"wpcf7\" id=\"wpcf7-f3657-o1\" lang=\"et\" dir=\"ltr\">\n<div class=\"screen-reader-response\"><p role=\"status\" aria-live=\"polite\" aria-atomic=\"true\"><\/p> <ul><\/ul><\/div>\n<form action=\"\/fi\/wp-json\/wp\/v2\/pages\/3659#wpcf7-f3657-o1\" method=\"post\" class=\"wpcf7-form init\" novalidate=\"novalidate\" data-status=\"init\">\n<div style=\"display: none;\">\n<input type=\"hidden\" name=\"_wpcf7\" value=\"3657\" \/>\n<input type=\"hidden\" name=\"_wpcf7_version\" value=\"5.6.4\" \/>\n<input type=\"hidden\" name=\"_wpcf7_locale\" value=\"et\" \/>\n<input type=\"hidden\" name=\"_wpcf7_unit_tag\" value=\"wpcf7-f3657-o1\" \/>\n<input type=\"hidden\" name=\"_wpcf7_container_post\" value=\"0\" \/>\n<input type=\"hidden\" name=\"_wpcf7_posted_data_hash\" value=\"\" \/>\n<input type=\"hidden\" name=\"_wpcf7_recaptcha_response\" value=\"\" \/>\n<\/div>\n<p>Valitse ajoneuvo: <span class=\"wpcf7-form-control-wrap\" data-name=\"menu-128\"><select name=\"menu-128\" class=\"wpcf7-form-control wpcf7-select wpcf7-validates-as-required\" aria-required=\"true\" aria-invalid=\"false\"><option value=\"Valitse ajoneuvo\">Valitse ajoneuvo<\/option><option value=\"Chrysler 300C Super Stretch 8 kohden\">Chrysler 300C Super Stretch 8 kohden<\/option><option value=\"Lincoln Navigator Super Stretch (musta) 17 kohden\">Lincoln Navigator Super Stretch (musta) 17 kohden<\/option><option value=\"Lincoln Navigator (valkoinen) 13 kohden\">Lincoln Navigator (valkoinen) 13 kohden<\/option><option value=\"Lincoln Navigator 2 (valkoinen) 13 kohden\">Lincoln Navigator 2 (valkoinen) 13 kohden<\/option><option value=\"Lincoln Town Car (valkoinen) 8 kohden\">Lincoln Town Car (valkoinen) 8 kohden<\/option><option value=\"Ford Excursion Super Stretch 15 kohden\">Ford Excursion Super Stretch 15 kohden<\/option><option value=\"Ford Excursion Super Stretch 17 kohden\">Ford Excursion Super Stretch 17 kohden<\/option><option value=\"Ford Excursion 13 kohden\">Ford Excursion 13 kohden<\/option><option value=\"Excalibur Collector\u2019s Car\">Excalibur Collector\u2019s Car<\/option><option value=\"Excalibur Stretch Limousine (valge) 8 kohden\">Excalibur Stretch Limousine (valge) 8 kohden<\/option><option value=\"Tsaika GAZ 13\">Tsaika GAZ 13<\/option><option value=\"Dodge Custom Royal 56a\">Dodge Custom Royal 56a<\/option><option value=\"Mercedes-Benz S-klass\">Mercedes-Benz S-klass<\/option><option value=\"Mercedes-Benz S-klass (hopea)\">Mercedes-Benz S-klass (hopea)<\/option><option value=\"Mercedes-Benz S-klass (valkoinen)\">Mercedes-Benz S-klass (valkoinen)<\/option><option value=\"Mercedes-Benz V-klass (8 kohden)\">Mercedes-Benz V-klass (8 kohden)<\/option><option value=\"Mercedes-Benz V-klass (13 kohden)\">Mercedes-Benz V-klass (13 kohden)<\/option><option value=\"Mercedes-Benz V-klass (20 kohden)\">Mercedes-Benz V-klass (20 kohden)<\/option><\/select><\/span><\/p>\n<p>Alku: <span class=\"wpcf7-form-control-wrap\" data-name=\"time\"><input type=\"text\" name=\"time\" value=\"\" size=\"40\" class=\"wpcf7-form-control wpcf7-text wpcf7-validates-as-required stm-date-timepicker\" aria-required=\"true\" aria-invalid=\"false\" placeholder=\"Valitse p\u00e4iv\u00e4m\u00e4\u00e4r\u00e4 ja kellonaika\" \/><\/span><\/p>\n<p>Loppu: <span class=\"wpcf7-form-control-wrap\" data-name=\"time2\"><input type=\"text\" name=\"time2\" value=\"\" size=\"40\" class=\"wpcf7-form-control wpcf7-text wpcf7-validates-as-required stm-date-timepicker\" aria-required=\"true\" aria-invalid=\"false\" placeholder=\"Valitse p\u00e4iv\u00e4m\u00e4\u00e4r\u00e4 ja kellonaika\" \/><\/span><\/p>\n<p>Nimesi: <span class=\"wpcf7-form-control-wrap\" data-name=\"nimi\"><input type=\"text\" name=\"nimi\" value=\"\" size=\"40\" class=\"wpcf7-form-control wpcf7-text wpcf7-validates-as-required\" aria-required=\"true\" aria-invalid=\"false\" placeholder=\"Lis\u00e4\u00e4 etu- ja sukunimi*\" \/><\/span><\/p>\n<p>S\u00e4hkoposti: <span class=\"wpcf7-form-control-wrap\" data-name=\"email\"><input type=\"email\" name=\"email\" value=\"\" size=\"40\" class=\"wpcf7-form-control wpcf7-text wpcf7-email wpcf7-validates-as-required wpcf7-validates-as-email\" aria-required=\"true\" aria-invalid=\"false\" placeholder=\"Lis\u00e4\u00e4 s\u00e4hkoposti*\" \/><\/span><\/p>\n<p>Puhelin: <span class=\"wpcf7-form-control-wrap\" data-name=\"tel\"><input type=\"tel\" name=\"tel\" value=\"\" size=\"40\" class=\"wpcf7-form-control wpcf7-text wpcf7-tel wpcf7-validates-as-tel\" aria-invalid=\"false\" placeholder=\"Lis\u00e4\u00e4 puhelin\" \/><\/span><\/p>\n<p>Viesti: <span class=\"wpcf7-form-control-wrap\" data-name=\"message\"><textarea name=\"message\" cols=\"40\" rows=\"10\" class=\"wpcf7-form-control wpcf7-textarea\" aria-invalid=\"false\" placeholder=\"Lis\u00e4\u00e4 viesti (tarvittaessa)\"><\/textarea><\/span><\/p>\n<p><input type=\"submit\" value=\"Pelata\" class=\"wpcf7-form-control has-spinner wpcf7-submit button-fluid\" \/><\/p>\n<div class=\"wpcf7-response-output\" aria-hidden=\"true\"><\/div><\/form><\/div>[vc_empty_space][vc_separator][\/vc_column][\/vc_row]<\/p>\n","protected":false},"excerpt":{"rendered":"<p>[vc_row][vc_column][vc_custom_heading text=&#8221;VARAA HALUAMASI AJONEUVO&#8221; use_theme_fonts=&#8221;yes&#8221;][vc_empty_space][vc_separator][\/vc_column][\/vc_row][vc_row][vc_column][vc_empty_space][vc_separator][\/vc_column][\/vc_row]<\/p>\n","protected":false},"author":2,"featured_media":0,"parent":0,"menu_order":0,"comment_status":"closed","ping_status":"closed","template":"","meta":{"_monsterinsights_skip_tracking":false,"_monsterinsights_sitenote_active":false,"_monsterinsights_sitenote_note":"","_monsterinsights_sitenote_category":0,"footnotes":""},"class_list":["post-3659","page","type-page","status-publish","hentry"],"yoast_head":"<!-- This site is optimized with the Yoast SEO plugin v23.3 - https:\/\/yoast.com\/wordpress\/plugins\/seo\/ -->\n<title>Varaus - Limu.ee<\/title>\n<meta name=\"robots\" content=\"index, follow, max-snippet:-1, max-image-preview:large, max-video-preview:-1\" \/>\n<link rel=\"canonical\" href=\"https:\/\/limu.ee\/fi\/varaus\/\" \/>\n<meta property=\"og:locale\" content=\"fi_FI\" \/>\n<meta property=\"og:type\" content=\"article\" \/>\n<meta property=\"og:title\" content=\"Varaus - Limu.ee\" \/>\n<meta property=\"og:description\" content=\"[vc_row][vc_column][vc_custom_heading text=&#8221;VARAA HALUAMASI AJONEUVO&#8221; use_theme_fonts=&#8221;yes&#8221;][vc_empty_space][vc_separator][\/vc_column][\/vc_row][vc_row][vc_column][vc_empty_space][vc_separator][\/vc_column][\/vc_row]\" \/>\n<meta property=\"og:url\" content=\"https:\/\/limu.ee\/fi\/varaus\/\" \/>\n<meta property=\"og:site_name\" content=\"Limu.ee\" \/>\n<meta property=\"article:modified_time\" content=\"2021-05-03T12:36:07+00:00\" \/>\n<meta name=\"twitter:card\" content=\"summary_large_image\" \/>\n<script type=\"application\/ld+json\" class=\"yoast-schema-graph\">{\"@context\":\"https:\/\/schema.org\",\"@graph\":[{\"@type\":\"WebPage\",\"@id\":\"https:\/\/limu.ee\/fi\/varaus\/\",\"url\":\"https:\/\/limu.ee\/fi\/varaus\/\",\"name\":\"Varaus - Limu.ee\",\"isPartOf\":{\"@id\":\"https:\/\/limu.ee\/#website\"},\"datePublished\":\"2021-04-24T16:10:28+00:00\",\"dateModified\":\"2021-05-03T12:36:07+00:00\",\"breadcrumb\":{\"@id\":\"https:\/\/limu.ee\/fi\/varaus\/#breadcrumb\"},\"inLanguage\":\"fi\",\"potentialAction\":[{\"@type\":\"ReadAction\",\"target\":[\"https:\/\/limu.ee\/fi\/varaus\/\"]}]},{\"@type\":\"BreadcrumbList\",\"@id\":\"https:\/\/limu.ee\/fi\/varaus\/#breadcrumb\",\"itemListElement\":[{\"@type\":\"ListItem\",\"position\":1,\"name\":\"Home\",\"item\":\"https:\/\/limu.ee\/fi\/\"},{\"@type\":\"ListItem\",\"position\":2,\"name\":\"Varaus\"}]},{\"@type\":\"WebSite\",\"@id\":\"https:\/\/limu.ee\/#website\",\"url\":\"https:\/\/limu.ee\/\",\"name\":\"Limu.ee\",\"description\":\"Rendi limusiin, uunikum, buss v&otilde;i esinduslik s&otilde;iduk meilt\",\"potentialAction\":[{\"@type\":\"SearchAction\",\"target\":{\"@type\":\"EntryPoint\",\"urlTemplate\":\"https:\/\/limu.ee\/?s={search_term_string}\"},\"query-input\":\"required name=search_term_string\"}],\"inLanguage\":\"fi\"}]}<\/script>\n<!-- \/ Yoast SEO plugin. -->","yoast_head_json":{"title":"Varaus - Limu.ee","robots":{"index":"index","follow":"follow","max-snippet":"max-snippet:-1","max-image-preview":"max-image-preview:large","max-video-preview":"max-video-preview:-1"},"canonical":"https:\/\/limu.ee\/fi\/varaus\/","og_locale":"fi_FI","og_type":"article","og_title":"Varaus - Limu.ee","og_description":"[vc_row][vc_column][vc_custom_heading text=&#8221;VARAA HALUAMASI AJONEUVO&#8221; use_theme_fonts=&#8221;yes&#8221;][vc_empty_space][vc_separator][\/vc_column][\/vc_row][vc_row][vc_column][vc_empty_space][vc_separator][\/vc_column][\/vc_row]","og_url":"https:\/\/limu.ee\/fi\/varaus\/","og_site_name":"Limu.ee","article_modified_time":"2021-05-03T12:36:07+00:00","twitter_card":"summary_large_image","schema":{"@context":"https:\/\/schema.org","@graph":[{"@type":"WebPage","@id":"https:\/\/limu.ee\/fi\/varaus\/","url":"https:\/\/limu.ee\/fi\/varaus\/","name":"Varaus - Limu.ee","isPartOf":{"@id":"https:\/\/limu.ee\/#website"},"datePublished":"2021-04-24T16:10:28+00:00","dateModified":"2021-05-03T12:36:07+00:00","breadcrumb":{"@id":"https:\/\/limu.ee\/fi\/varaus\/#breadcrumb"},"inLanguage":"fi","potentialAction":[{"@type":"ReadAction","target":["https:\/\/limu.ee\/fi\/varaus\/"]}]},{"@type":"BreadcrumbList","@id":"https:\/\/limu.ee\/fi\/varaus\/#breadcrumb","itemListElement":[{"@type":"ListItem","position":1,"name":"Home","item":"https:\/\/limu.ee\/fi\/"},{"@type":"ListItem","position":2,"name":"Varaus"}]},{"@type":"WebSite","@id":"https:\/\/limu.ee\/#website","url":"https:\/\/limu.ee\/","name":"Limu.ee","description":"Rendi limusiin, uunikum, buss v&otilde;i esinduslik s&otilde;iduk meilt","potentialAction":[{"@type":"SearchAction","target":{"@type":"EntryPoint","urlTemplate":"https:\/\/limu.ee\/?s={search_term_string}"},"query-input":"required name=search_term_string"}],"inLanguage":"fi"}]}},"_links":{"self":[{"href":"https:\/\/limu.ee\/fi\/wp-json\/wp\/v2\/pages\/3659"}],"collection":[{"href":"https:\/\/limu.ee\/fi\/wp-json\/wp\/v2\/pages"}],"about":[{"href":"https:\/\/limu.ee\/fi\/wp-json\/wp\/v2\/types\/page"}],"author":[{"embeddable":true,"href":"https:\/\/limu.ee\/fi\/wp-json\/wp\/v2\/users\/2"}],"replies":[{"embeddable":true,"href":"https:\/\/limu.ee\/fi\/wp-json\/wp\/v2\/comments?post=3659"}],"version-history":[{"count":2,"href":"https:\/\/limu.ee\/fi\/wp-json\/wp\/v2\/pages\/3659\/revisions"}],"predecessor-version":[{"id":3662,"href":"https:\/\/limu.ee\/fi\/wp-json\/wp\/v2\/pages\/3659\/revisions\/3662"}],"wp:attachment":[{"href":"https:\/\/limu.ee\/fi\/wp-json\/wp\/v2\/media?parent=3659"}],"curies":[{"name":"wp","href":"https:\/\/api.w.org\/{rel}","templated":true}]}}