{"id":3638,"date":"2015-09-18T09:48:28","date_gmt":"2015-09-18T09:48:28","guid":{"rendered":"https:\/\/limu.ee\/front-page-2-2\/"},"modified":"2021-05-03T15:46:25","modified_gmt":"2021-05-03T12:46:25","slug":"front-page-2-2","status":"publish","type":"page","link":"https:\/\/limu.ee\/fi\/","title":{"rendered":"Etusivu"},"content":{"rendered":"<p>[vc_row full_width=&#8221;stretch_row&#8221; css=&#8221;.vc_custom_1448545243300{margin-bottom: 0px !important;}&#8221; el_class=&#8221;stm-slider-nice-height&#8221;][vc_column][rev_slider_vc alias=&#8221;slaider-inglise-1&#8243;][\/vc_column][\/vc_row][vc_row css=&#8221;.vc_custom_1512996050385{margin-bottom: 57px !important;}&#8221;][vc_column][stm_car_listing_tabbed tab_affix=&#8221;&#8221; found_cars_prefix=&#8221;AJONEUVOA&#8221; search_icon=&#8221;stm-icon-car_search&#8221; filter_columns_number=&#8221;4&#8243; filter_selected=&#8221;condition,make,serie,price&#8221; call_to_action_icon=&#8221;stm-icon-question&#8221; call_to_action_icon_right=&#8221;stm-icon-phone2&#8243; call_to_action_text_color=&#8221;#ffffff&#8221; enable_ajax_loading=&#8221;true&#8221; enable_call_to_action=&#8221;true&#8221; taxonomy=&#8221;limusiinit-ja-unic-autot | condition, sedaanit | condition, | bussit | condition, bussit | condition,&#8221; per_page=&#8221;12&#8243; search_label=&#8221;Search Inventory&#8221; call_to_action_label=&#8221;Have a Questions? Call Today!&#8221; call_to_action_label_right=&#8221;878-9671-4455&#8243;]<\/p>\n<h2><span style=\"color: #ffffff;\">LIMUSIINIT, BUSSIT, SEDAANIT JA <\/span> <span class=\"stm-base-color\">UNIC AUTOT<\/span><\/h2>\n<p>[\/stm_car_listing_tabbed][\/vc_column][\/vc_row][vc_row stm_fullwidth=&#8221;yes&#8221; blackout_opacity=&#8221;40&#8243; css=&#8221;.vc_custom_1619270248407{margin-bottom: 0px !important;padding-top: 83px !important;padding-bottom: 79px !important;background-image: url(https:\/\/limu.ee\/wp-content\/uploads\/2021\/04\/Limu-rent.png?id=2841) !important;}&#8221;][vc_column el_class=&#8221;stm-icon-box-adaptive-style-one&#8221; offset=&#8221;vc_col-lg-6 vc_col-md-8&#8243;][stm_icon_box bottom_triangle=&#8221;true&#8221; css=&#8221;.vc_custom_1620042804858{padding-top: 65px !important;padding-right: 80px !important;padding-bottom: 56px !important;padding-left: 63px !important;}&#8221;]<\/p>\n<h2 style=\"margin-bottom: 25px;\">PALVELUT<\/h2>\n<p>&nbsp;<\/p>\n<h3><span style=\"color: #ffffff;\">Kaupunkin kiertueet<\/span><\/h3>\n<h3><span style=\"color: #ffffff;\">Syntym\u00e4p\u00e4iv\u00e4t<\/span><\/h3>\n<h3><span style=\"color: #ffffff;\">H\u00e4\u00e4t<\/span><\/h3>\n<h3><span style=\"color: #ffffff;\">Poittarit <\/span><\/h3>\n<h3><span style=\"color: #ffffff;\">Transfeerit<\/span><\/h3>\n<p>[\/stm_icon_box][\/vc_column][vc_column width=&#8221;1\/2&#8243;][\/vc_column][\/vc_row][vc_row css=&#8221;.vc_custom_1619279006368{margin-top: 100px !important;margin-bottom: 100px !important;}&#8221;][vc_column][vc_custom_heading text=&#8221;LIS\u00c4TIETOJA:&#8221; use_theme_fonts=&#8221;yes&#8221;]<div role=\"form\" class=\"wpcf7\" id=\"wpcf7-f3643-o1\" lang=\"et\" dir=\"ltr\">\n<div class=\"screen-reader-response\"><p role=\"status\" aria-live=\"polite\" aria-atomic=\"true\"><\/p> <ul><\/ul><\/div>\n<form action=\"\/fi\/wp-json\/wp\/v2\/pages\/3638#wpcf7-f3643-o1\" method=\"post\" class=\"wpcf7-form init\" novalidate=\"novalidate\" data-status=\"init\">\n<div style=\"display: none;\">\n<input type=\"hidden\" name=\"_wpcf7\" value=\"3643\" \/>\n<input type=\"hidden\" name=\"_wpcf7_version\" value=\"5.6.4\" \/>\n<input type=\"hidden\" name=\"_wpcf7_locale\" value=\"et\" \/>\n<input type=\"hidden\" name=\"_wpcf7_unit_tag\" value=\"wpcf7-f3643-o1\" \/>\n<input type=\"hidden\" name=\"_wpcf7_container_post\" value=\"0\" \/>\n<input type=\"hidden\" name=\"_wpcf7_posted_data_hash\" value=\"\" \/>\n<input type=\"hidden\" name=\"_wpcf7_recaptcha_response\" value=\"\" \/>\n<\/div>\n<div class=\"row\">\n<div class=\"col-md-7 col-sm-7\">\n<div class=\"row\">\n<div class=\"col-md-6 col-sm-6\">\n<div class=\"form-group\">\n<div class=\"contact-us-label\">Etunimi*<\/div>\n<p>                    <span class=\"wpcf7-form-control-wrap\" data-name=\"nimi\"><input type=\"text\" name=\"nimi\" value=\"\" size=\"40\" class=\"wpcf7-form-control wpcf7-text wpcf7-validates-as-required\" aria-required=\"true\" aria-invalid=\"false\" placeholder=\"Lis\u00e4\u00e4 etunimi\" \/><\/span>\n                <\/p><\/div>\n<\/div>\n<div class=\"col-md-6 col-sm-6\">\n<div class=\"form-group\">\n<div class=\"contact-us-label\">Sukunimi*<\/div>\n<p>                    <span class=\"wpcf7-form-control-wrap\" data-name=\"perekonnanimi\"><input type=\"text\" name=\"perekonnanimi\" value=\"\" size=\"40\" class=\"wpcf7-form-control wpcf7-text wpcf7-validates-as-required\" aria-required=\"true\" aria-invalid=\"false\" placeholder=\"Lis\u00e4\u00e4 sukunimi\" \/><\/span>\n                <\/p><\/div>\n<\/div>\n<\/div>\n<div class=\"row\">\n<div class=\"col-md-6 col-sm-6\">\n<div class=\"form-group\">\n<div class=\"contact-us-label\">S\u00e4hk\u00f6posti*<\/div>\n<p>                    <span class=\"wpcf7-form-control-wrap\" data-name=\"email\"><input type=\"email\" name=\"email\" value=\"\" size=\"40\" class=\"wpcf7-form-control wpcf7-text wpcf7-email wpcf7-validates-as-required wpcf7-validates-as-email\" aria-required=\"true\" aria-invalid=\"false\" placeholder=\"Lis\u00e4\u00e4 s\u00e4hkoposti\" \/><\/span>\n                <\/p><\/div>\n<\/div>\n<div class=\"col-md-6 col-sm-6\">\n<div class=\"form-group\">\n<div class=\"contact-us-label\">Puhelin<\/div>\n<p>                    <span class=\"wpcf7-form-control-wrap\" data-name=\"telefon\"><input type=\"tel\" name=\"telefon\" value=\"\" size=\"40\" class=\"wpcf7-form-control wpcf7-text wpcf7-tel wpcf7-validates-as-tel\" aria-invalid=\"false\" placeholder=\"Lis\u00e4\u00e4 puhelin\" \/><\/span>\n                <\/p><\/div>\n<\/div>\n<\/div>\n<div class=\"row\">\n<div class=\"col-md-12 stm-contact-us-checkbox\">\n<\/div>\n<\/div>\n<\/div>\n<div class=\"col-md-5 col-sm-5\">\n<div class=\"form-group\">\n<div class=\"form-group\">\n<div class=\"contact-us-label\">Viesti<\/div>\n<p>                <span class=\"wpcf7-form-control-wrap\" data-name=\"teade\"><textarea name=\"teade\" cols=\"40\" rows=\"10\" class=\"wpcf7-form-control wpcf7-textarea\" aria-invalid=\"false\" placeholder=\"Lis\u00e4\u00e4 viesti\"><\/textarea><\/span>\n            <\/p><\/div>\n<\/div>\n<div class=\"contact-us-submit\">\n            <input type=\"submit\" value=\"L\u00e4het\u00e4 viesti\" class=\"wpcf7-form-control has-spinner wpcf7-submit contact-us-submit\" \/>\n        <\/div>\n<\/div>\n<\/div>\n<div class=\"wpcf7-response-output\" aria-hidden=\"true\"><\/div><\/form><\/div>[\/vc_column][\/vc_row]<\/p>\n","protected":false},"excerpt":{"rendered":"<p>[vc_row full_width=&#8221;stretch_row&#8221; css=&#8221;.vc_custom_1448545243300{margin-bottom: 0px !important;}&#8221; el_class=&#8221;stm-slider-nice-height&#8221;][vc_column][rev_slider_vc alias=&#8221;slaider-inglise-1&#8243;][\/vc_column][\/vc_row][vc_row css=&#8221;.vc_custom_1512996050385{margin-bottom: 57px !important;}&#8221;][vc_column][stm_car_listing_tabbed tab_affix=&#8221;&#8221; found_cars_prefix=&#8221;AJONEUVOA&#8221; search_icon=&#8221;stm-icon-car_search&#8221; filter_columns_number=&#8221;4&#8243; filter_selected=&#8221;condition,make,serie,price&#8221; call_to_action_icon=&#8221;stm-icon-question&#8221; call_to_action_icon_right=&#8221;stm-icon-phone2&#8243; call_to_action_text_color=&#8221;#ffffff&#8221; enable_ajax_loading=&#8221;true&#8221; enable_call_to_action=&#8221;true&#8221; taxonomy=&#8221;limusiinit-ja-unic-autot | condition, sedaanit | condition, | bussit | condition, bussit | condition,&#8221; per_page=&#8221;12&#8243; search_label=&#8221;Search Inventory&#8221; call_to_action_label=&#8221;Have a Questions? Call Today!&#8221; call_to_action_label_right=&#8221;878-9671-4455&#8243;] LIMUSIINIT, BUSSIT, SEDAANIT JA UNIC AUTOT [\/stm_car_listing_tabbed][\/vc_column][\/vc_row][vc_row stm_fullwidth=&#8221;yes&#8221; blackout_opacity=&#8221;40&#8243; css=&#8221;.vc_custom_1619270248407{margin-bottom: 0px !important;padding-top: 83px&#8230;<\/p>\n","protected":false},"author":2,"featured_media":0,"parent":0,"menu_order":0,"comment_status":"closed","ping_status":"closed","template":"","meta":{"_monsterinsights_skip_tracking":false,"_monsterinsights_sitenote_active":false,"_monsterinsights_sitenote_note":"","_monsterinsights_sitenote_category":0,"footnotes":""},"class_list":["post-3638","page","type-page","status-publish","hentry"],"yoast_head":"<!-- This site is optimized with the Yoast SEO plugin v23.3 - https:\/\/yoast.com\/wordpress\/plugins\/seo\/ -->\n<title>Etusivu - Limu.ee<\/title>\n<meta name=\"robots\" content=\"index, follow, max-snippet:-1, max-image-preview:large, max-video-preview:-1\" \/>\n<link rel=\"canonical\" href=\"https:\/\/limu.ee\/fi\/\" \/>\n<meta property=\"og:locale\" content=\"fi_FI\" \/>\n<meta property=\"og:type\" content=\"article\" \/>\n<meta property=\"og:title\" content=\"Etusivu - Limu.ee\" \/>\n<meta property=\"og:description\" content=\"[vc_row full_width=&#8221;stretch_row&#8221; css=&#8221;.vc_custom_1448545243300{margin-bottom: 0px !important;}&#8221; el_class=&#8221;stm-slider-nice-height&#8221;][vc_column][rev_slider_vc alias=&#8221;slaider-inglise-1&#8243;][\/vc_column][\/vc_row][vc_row css=&#8221;.vc_custom_1512996050385{margin-bottom: 57px !important;}&#8221;][vc_column][stm_car_listing_tabbed tab_affix=&#8221;&#8221; found_cars_prefix=&#8221;AJONEUVOA&#8221; search_icon=&#8221;stm-icon-car_search&#8221; filter_columns_number=&#8221;4&#8243; filter_selected=&#8221;condition,make,serie,price&#8221; call_to_action_icon=&#8221;stm-icon-question&#8221; call_to_action_icon_right=&#8221;stm-icon-phone2&#8243; call_to_action_text_color=&#8221;#ffffff&#8221; enable_ajax_loading=&#8221;true&#8221; enable_call_to_action=&#8221;true&#8221; taxonomy=&#8221;limusiinit-ja-unic-autot | condition, sedaanit | condition, | bussit | condition, bussit | condition,&#8221; per_page=&#8221;12&#8243; search_label=&#8221;Search Inventory&#8221; call_to_action_label=&#8221;Have a Questions? Call Today!&#8221; call_to_action_label_right=&#8221;878-9671-4455&#8243;] LIMUSIINIT, BUSSIT, SEDAANIT JA UNIC AUTOT [\/stm_car_listing_tabbed][\/vc_column][\/vc_row][vc_row stm_fullwidth=&#8221;yes&#8221; blackout_opacity=&#8221;40&#8243; css=&#8221;.vc_custom_1619270248407{margin-bottom: 0px !important;padding-top: 83px...\" \/>\n<meta property=\"og:url\" content=\"https:\/\/limu.ee\/fi\/\" \/>\n<meta property=\"og:site_name\" content=\"Limu.ee\" \/>\n<meta property=\"article:modified_time\" content=\"2021-05-03T12:46:25+00:00\" \/>\n<meta name=\"twitter:card\" content=\"summary_large_image\" \/>\n<meta name=\"twitter:label1\" content=\"Arvioitu lukuaika\" \/>\n\t<meta name=\"twitter:data1\" content=\"1 minuutti\" \/>\n<script type=\"application\/ld+json\" class=\"yoast-schema-graph\">{\"@context\":\"https:\/\/schema.org\",\"@graph\":[{\"@type\":\"WebPage\",\"@id\":\"https:\/\/limu.ee\/fi\/\",\"url\":\"https:\/\/limu.ee\/fi\/\",\"name\":\"Etusivu - Limu.ee\",\"isPartOf\":{\"@id\":\"https:\/\/limu.ee\/#website\"},\"datePublished\":\"2015-09-18T09:48:28+00:00\",\"dateModified\":\"2021-05-03T12:46:25+00:00\",\"breadcrumb\":{\"@id\":\"https:\/\/limu.ee\/fi\/#breadcrumb\"},\"inLanguage\":\"fi\",\"potentialAction\":[{\"@type\":\"ReadAction\",\"target\":[\"https:\/\/limu.ee\/fi\/\"]}]},{\"@type\":\"BreadcrumbList\",\"@id\":\"https:\/\/limu.ee\/fi\/#breadcrumb\",\"itemListElement\":[{\"@type\":\"ListItem\",\"position\":1,\"name\":\"Home\",\"item\":\"https:\/\/limu.ee\/fi\/\"},{\"@type\":\"ListItem\",\"position\":2,\"name\":\"Etusivu\"}]},{\"@type\":\"WebSite\",\"@id\":\"https:\/\/limu.ee\/#website\",\"url\":\"https:\/\/limu.ee\/\",\"name\":\"Limu.ee\",\"description\":\"Rendi limusiin, uunikum, buss v&otilde;i esinduslik s&otilde;iduk meilt\",\"potentialAction\":[{\"@type\":\"SearchAction\",\"target\":{\"@type\":\"EntryPoint\",\"urlTemplate\":\"https:\/\/limu.ee\/?s={search_term_string}\"},\"query-input\":\"required name=search_term_string\"}],\"inLanguage\":\"fi\"}]}<\/script>\n<!-- \/ Yoast SEO plugin. -->","yoast_head_json":{"title":"Etusivu - Limu.ee","robots":{"index":"index","follow":"follow","max-snippet":"max-snippet:-1","max-image-preview":"max-image-preview:large","max-video-preview":"max-video-preview:-1"},"canonical":"https:\/\/limu.ee\/fi\/","og_locale":"fi_FI","og_type":"article","og_title":"Etusivu - Limu.ee","og_description":"[vc_row full_width=&#8221;stretch_row&#8221; css=&#8221;.vc_custom_1448545243300{margin-bottom: 0px !important;}&#8221; el_class=&#8221;stm-slider-nice-height&#8221;][vc_column][rev_slider_vc alias=&#8221;slaider-inglise-1&#8243;][\/vc_column][\/vc_row][vc_row css=&#8221;.vc_custom_1512996050385{margin-bottom: 57px !important;}&#8221;][vc_column][stm_car_listing_tabbed tab_affix=&#8221;&#8221; found_cars_prefix=&#8221;AJONEUVOA&#8221; search_icon=&#8221;stm-icon-car_search&#8221; filter_columns_number=&#8221;4&#8243; filter_selected=&#8221;condition,make,serie,price&#8221; call_to_action_icon=&#8221;stm-icon-question&#8221; call_to_action_icon_right=&#8221;stm-icon-phone2&#8243; call_to_action_text_color=&#8221;#ffffff&#8221; enable_ajax_loading=&#8221;true&#8221; enable_call_to_action=&#8221;true&#8221; taxonomy=&#8221;limusiinit-ja-unic-autot | condition, sedaanit | condition, | bussit | condition, bussit | condition,&#8221; per_page=&#8221;12&#8243; search_label=&#8221;Search Inventory&#8221; call_to_action_label=&#8221;Have a Questions? Call Today!&#8221; call_to_action_label_right=&#8221;878-9671-4455&#8243;] LIMUSIINIT, BUSSIT, SEDAANIT JA UNIC AUTOT [\/stm_car_listing_tabbed][\/vc_column][\/vc_row][vc_row stm_fullwidth=&#8221;yes&#8221; blackout_opacity=&#8221;40&#8243; css=&#8221;.vc_custom_1619270248407{margin-bottom: 0px !important;padding-top: 83px...","og_url":"https:\/\/limu.ee\/fi\/","og_site_name":"Limu.ee","article_modified_time":"2021-05-03T12:46:25+00:00","twitter_card":"summary_large_image","twitter_misc":{"Arvioitu lukuaika":"1 minuutti"},"schema":{"@context":"https:\/\/schema.org","@graph":[{"@type":"WebPage","@id":"https:\/\/limu.ee\/fi\/","url":"https:\/\/limu.ee\/fi\/","name":"Etusivu - Limu.ee","isPartOf":{"@id":"https:\/\/limu.ee\/#website"},"datePublished":"2015-09-18T09:48:28+00:00","dateModified":"2021-05-03T12:46:25+00:00","breadcrumb":{"@id":"https:\/\/limu.ee\/fi\/#breadcrumb"},"inLanguage":"fi","potentialAction":[{"@type":"ReadAction","target":["https:\/\/limu.ee\/fi\/"]}]},{"@type":"BreadcrumbList","@id":"https:\/\/limu.ee\/fi\/#breadcrumb","itemListElement":[{"@type":"ListItem","position":1,"name":"Home","item":"https:\/\/limu.ee\/fi\/"},{"@type":"ListItem","position":2,"name":"Etusivu"}]},{"@type":"WebSite","@id":"https:\/\/limu.ee\/#website","url":"https:\/\/limu.ee\/","name":"Limu.ee","description":"Rendi limusiin, uunikum, buss v&otilde;i esinduslik s&otilde;iduk meilt","potentialAction":[{"@type":"SearchAction","target":{"@type":"EntryPoint","urlTemplate":"https:\/\/limu.ee\/?s={search_term_string}"},"query-input":"required name=search_term_string"}],"inLanguage":"fi"}]}},"_links":{"self":[{"href":"https:\/\/limu.ee\/fi\/wp-json\/wp\/v2\/pages\/3638"}],"collection":[{"href":"https:\/\/limu.ee\/fi\/wp-json\/wp\/v2\/pages"}],"about":[{"href":"https:\/\/limu.ee\/fi\/wp-json\/wp\/v2\/types\/page"}],"author":[{"embeddable":true,"href":"https:\/\/limu.ee\/fi\/wp-json\/wp\/v2\/users\/2"}],"replies":[{"embeddable":true,"href":"https:\/\/limu.ee\/fi\/wp-json\/wp\/v2\/comments?post=3638"}],"version-history":[{"count":8,"href":"https:\/\/limu.ee\/fi\/wp-json\/wp\/v2\/pages\/3638\/revisions"}],"predecessor-version":[{"id":3667,"href":"https:\/\/limu.ee\/fi\/wp-json\/wp\/v2\/pages\/3638\/revisions\/3667"}],"wp:attachment":[{"href":"https:\/\/limu.ee\/fi\/wp-json\/wp\/v2\/media?parent=3638"}],"curies":[{"name":"wp","href":"https:\/\/api.w.org\/{rel}","templated":true}]}}